{"id":5876,"date":"2024-03-20T18:33:27","date_gmt":"2024-03-20T18:33:27","guid":{"rendered":"https:\/\/nuluai.com\/?page_id=5876"},"modified":"2025-04-24T21:26:16","modified_gmt":"2025-04-24T21:26:16","slug":"data-deletion","status":"publish","type":"page","link":"https:\/\/nuluai.com\/?page_id=5876","title":{"rendered":"Data Policy"},"content":{"rendered":"\t\t<div data-elementor-type=\"wp-page\" data-elementor-id=\"5876\" class=\"elementor elementor-5876\">\n\t\t\t\t<div class=\"elementor-element elementor-element-7c43f241 e-flex e-con-boxed e-con e-parent\" data-id=\"7c43f241\" data-element_type=\"container\" data-e-type=\"container\">\n\t\t\t\t\t<div class=\"e-con-inner\">\n\t\t\t\t\t<\/div>\n\t\t\t\t<\/div>\n\t\t<div class=\"elementor-element elementor-element-62a0b62e e-flex e-con-boxed e-con e-parent\" data-id=\"62a0b62e\" data-element_type=\"container\" data-e-type=\"container\">\n\t\t\t\t\t<div class=\"e-con-inner\">\n\t\t\t\t<div class=\"elementor-element elementor-element-6e21c507 elementor-absolute e-transform elementor-widget elementor-widget-lqd-glow\" data-id=\"6e21c507\" data-element_type=\"widget\" data-e-type=\"widget\" data-settings=\"{&quot;_position&quot;:&quot;absolute&quot;,&quot;_transform_rotateZ_effect&quot;:{&quot;unit&quot;:&quot;px&quot;,&quot;size&quot;:-72,&quot;sizes&quot;:[]},&quot;_transform_rotateZ_effect_tablet&quot;:{&quot;unit&quot;:&quot;deg&quot;,&quot;size&quot;:&quot;&quot;,&quot;sizes&quot;:[]},&quot;_transform_rotateZ_effect_mobile&quot;:{&quot;unit&quot;:&quot;deg&quot;,&quot;size&quot;:&quot;&quot;,&quot;sizes&quot;:[]}}\" data-widget_type=\"lqd-glow.default\">\n\t\t\t\t<div class=\"elementor-widget-container\">\n\t\t\t\t\t\n\t\t<svg class=\"w-full h-full\" width=\"65\" height=\"65\" viewBox=\"0 0 65 65\" fill=\"none\" xmlns=\"http:\/\/www.w3.org\/2000\/svg\" preserveAspectRatio=\"none\">\n\t\t\t<circle cx=\"32.5\" cy=\"32.5\" r=\"32.5\" fill=\"url(#paint_6e21c507)\"\/>\n\t\t\t<defs>\n\t\t\t\t<linearGradient id=\"paint_6e21c507\" x1=\"0\" y1=\"0\" x2=\"65\" y2=\"65\" gradientUnits=\"userSpaceOnUse\">\n\t\t\t\t\t<stop offset=\"0\" stop-color=\"#53FF6D\">\n\t\t\t\t\t\t<animate attributeName=\"stop-color\" values=\"#53FF6D;#0B49FF;#53FF6D;\" dur=\"15s\" repeatCount=\"indefinite\"><\/animate>\n\t\t\t\t\t<\/stop>\n\t\t\t\t\t<stop offset=\"1\" stop-color=\"#FFFFFF00\">\n\t\t\t\t\t\t<animate attributeName=\"stop-color\" values=\"#FFFFFF00;\" dur=\"4.25s\" repeatCount=\"indefinite\"><\/animate>\n\t\t\t\t\t<\/stop>\n\t\t\t\t<\/linearGradient>\n\t\t\t<\/defs>\n\t\t<\/svg>\n\n\t\t\t\t\t\t<\/div>\n\t\t\t\t<\/div>\n\t\t\t\t<div class=\"elementor-element elementor-element-aa47f7c lqd-text-tag-h6 elementor-widget elementor-widget-lqd-text\" data-id=\"aa47f7c\" data-element_type=\"widget\" data-e-type=\"widget\" data-widget_type=\"lqd-text.default\">\n\t\t\t\t<div class=\"elementor-widget-container\">\n\t\t\t\t\t<h6 class=\"lqd-text-el m-0 p-0\"><span class=\"lqd-text-item relative elementor-repeater-item-ac34bca\">Data<\/span><\/h6>\t\t\t\t<\/div>\n\t\t\t\t<\/div>\n\t\t<style>.elementor-element-aa47f7c {\n   transform: translate3d(0px,30px,0px) scale(1, 1) rotateX(0deg) rotateY(0deg) rotateZ(0deg) skew(0deg, 0deg);\n   opacity: 0;\n}\n<\/style><script>\n\t\twindow.liquid.behaviors.push( {\n\t\t\tdataId: \"aa47f7c\",\n\t\t\tbehaviors:[\n\t\t\t\t{behaviorName:'liquidGetElementComputedStyles',options:{includeSelf:true,getRect:true,addGhosts:true}},{behaviorName:'liquidAnimations',options:{domain:'inview',trigger:'ghost',duration:0.65,ease:'expo.out',stagger:{each:0.065,from:'start'},delay:0,start:'top+=30px bottom',startElementOffset:0,startViewportOffset:0,animations:[{elements:'self',breakpointsKeyframes:{all:{keyframes:[{scaleX:1,scaleY:1,skewX:0,skewY:0,x:'0px',y:'0px',z:'0px',rotateX:0,rotateY:0,rotateZ:0,opacity:1}]}}}]}},\n\t\t\t]\n\t\t} );\n\t\t\n\t\t<\/script>\t\t<div class=\"elementor-element elementor-element-13423d49 lqd-text-tag-h1 elementor-widget__width-initial elementor-widget elementor-widget-lqd-text\" data-id=\"13423d49\" data-element_type=\"widget\" data-e-type=\"widget\" data-widget_type=\"lqd-text.default\" data-lqd-has-inner-animatables=\"true\">\n\t\t\t\t<div class=\"elementor-widget-container\">\n\t\t\t\t\t<h1 class=\"lqd-text-el m-0 p-0\" data-lqd-split-text-el=\"1\" data-lqd-split-type=\"words\"><span class=\"lqd-text-item relative elementor-repeater-item-eaff06a\"><span class=\"lqd-split-text-words inline-flex bg-inherit relative\" data-lqd-inner-animatable-el>Pol\u00edtica<\/span>&nbsp;<span class=\"lqd-split-text-words inline-flex bg-inherit relative\" data-lqd-inner-animatable-el>de<\/span>&nbsp;<span class=\"lqd-split-text-words inline-flex bg-inherit relative\" data-lqd-inner-animatable-el>Eliminaci\u00f3n<\/span>&nbsp;<span class=\"lqd-split-text-words inline-flex bg-inherit relative\" data-lqd-inner-animatable-el>de<\/span>&nbsp;<span class=\"lqd-split-text-words inline-flex bg-inherit relative\" data-lqd-inner-animatable-el>Datos<\/span><\/span><\/h1>\t\t\t\t<\/div>\n\t\t\t\t<\/div>\n\t\t<style>.elementor-element-13423d49 .lqd-split-text-words {\n   transform: translate3d(0px,30px,0px) scale(1, 1) rotateX(0deg) rotateY(0deg) rotateZ(0deg) skew(0deg, 0deg);\n   opacity: 0;\n}\n<\/style><script>\n\t\twindow.liquid.behaviors.push( {\n\t\t\tdataId: \"13423d49\",\n\t\t\tbehaviors:[\n\t\t\t\t{behaviorName:'liquidSplitText',options:{splitDoneFromBackend:true,splitType:'words'}},{behaviorName:'liquidGetElementComputedStyles',options:{includeSelf:true,getRect:true,addGhosts:true}},{behaviorName:'liquidAnimations',options:{domain:'inview',trigger:'ghost',duration:0.65,ease:'expo.out',stagger:{each:0.065,from:'start'},delay:0.1,start:'top+=30px bottom',startElementOffset:0,startViewportOffset:0,animations:[{elements:'selfAnimatables',breakpointsKeyframes:{all:{keyframes:[{scaleX:1,scaleY:1,skewX:0,skewY:0,x:'0px',y:'0px',z:'0px',rotateX:0,rotateY:0,rotateZ:0,opacity:1}]}}}]}},\n\t\t\t]\n\t\t} );\n\t\t\n\t\t<\/script>\t\t\t<\/div>\n\t\t\t\t<\/div>\n\t\t<div class=\"elementor-element elementor-element-1318b760 e-flex e-con-boxed e-con e-parent\" data-id=\"1318b760\" data-element_type=\"container\" data-e-type=\"container\">\n\t\t\t\t\t<div class=\"e-con-inner\">\n\t\t<div class=\"elementor-element elementor-element-298832a5 e-flex e-con-boxed e-con e-child\" data-id=\"298832a5\" data-element_type=\"container\" data-e-type=\"container\" data-settings=\"{&quot;background_background&quot;:&quot;classic&quot;}\">\n\t\t\t\t\t<div class=\"e-con-inner\">\n\t\t\t\t<div class=\"elementor-element elementor-element-7d04bbf5 elementor-absolute e-transform elementor-widget elementor-widget-lqd-glow\" data-id=\"7d04bbf5\" data-element_type=\"widget\" data-e-type=\"widget\" data-settings=\"{&quot;_position&quot;:&quot;absolute&quot;,&quot;_transform_rotateZ_effect&quot;:{&quot;unit&quot;:&quot;px&quot;,&quot;size&quot;:-50,&quot;sizes&quot;:[]},&quot;_transform_rotateZ_effect_tablet&quot;:{&quot;unit&quot;:&quot;deg&quot;,&quot;size&quot;:&quot;&quot;,&quot;sizes&quot;:[]},&quot;_transform_rotateZ_effect_mobile&quot;:{&quot;unit&quot;:&quot;deg&quot;,&quot;size&quot;:&quot;&quot;,&quot;sizes&quot;:[]}}\" data-widget_type=\"lqd-glow.default\">\n\t\t\t\t<div class=\"elementor-widget-container\">\n\t\t\t\t\t\n\t\t<svg class=\"w-full h-full\" width=\"65\" height=\"65\" viewBox=\"0 0 65 65\" fill=\"none\" xmlns=\"http:\/\/www.w3.org\/2000\/svg\" preserveAspectRatio=\"none\">\n\t\t\t<circle cx=\"32.5\" cy=\"32.5\" r=\"32.5\" fill=\"url(#paint_7d04bbf5)\"\/>\n\t\t\t<defs>\n\t\t\t\t<linearGradient id=\"paint_7d04bbf5\" x1=\"0\" y1=\"0\" x2=\"65\" y2=\"65\" gradientUnits=\"userSpaceOnUse\">\n\t\t\t\t\t<stop offset=\"0\" stop-color=\"#4D46FF\">\n\t\t\t\t\t\t<animate attributeName=\"stop-color\" values=\"#4D46FF;#b185fe;#53fd87;#4D46FF;\" dur=\"4.25s\" repeatCount=\"indefinite\"><\/animate>\n\t\t\t\t\t<\/stop>\n\t\t\t\t\t<stop offset=\"1\" stop-color=\"#A4F8AB\">\n\t\t\t\t\t\t<animate attributeName=\"stop-color\" values=\"#A4F8AB;#6ed5fb;#A4F8AB;\" dur=\"4.25s\" repeatCount=\"indefinite\"><\/animate>\n\t\t\t\t\t<\/stop>\n\t\t\t\t<\/linearGradient>\n\t\t\t<\/defs>\n\t\t<\/svg>\n\n\t\t\t\t\t\t<\/div>\n\t\t\t\t<\/div>\n\t\t\t\t<div class=\"elementor-element elementor-element-62b688a2 elementor-widget__width-initial elementor-widget elementor-widget-lqd-image\" data-id=\"62b688a2\" data-element_type=\"widget\" data-e-type=\"widget\" data-widget_type=\"lqd-image.default\">\n\t\t\t\t<div class=\"elementor-widget-container\">\n\t\t\t\t\t\n\t\t<figure class=\"inline-block relative align-middle overflow-hidden lqd-transform-perspective transition-colors\" data-lqd-look-at-mouse data-lqd-hover3d-el>\n\n\t\t\t\n\t\t\t\t\n\t\t\t\t<img fetchpriority=\"high\" decoding=\"async\" width=\"474\" height=\"474\" src=\"https:\/\/nuluai.com\/wp-content\/uploads\/2024\/03\/privacy-1.png\" class=\"attachment-full size-full wp-image-5975\" alt=\"\" srcset=\"https:\/\/nuluai.com\/wp-content\/uploads\/2024\/03\/privacy-1.png 474w, https:\/\/nuluai.com\/wp-content\/uploads\/2024\/03\/privacy-1-300x300.png 300w, https:\/\/nuluai.com\/wp-content\/uploads\/2024\/03\/privacy-1-150x150.png 150w\" sizes=\"(max-width: 474px) 100vw, 474px\" \/>\n\t\t\t\t\n\t\t\t\t\n\t\t\t\t\n\t\t\t\n\t\t\t\n\t\t<\/figure>\n\n\t\t\t\t\t\t<\/div>\n\t\t\t\t<\/div>\n\t\t\t\t\t<\/div>\n\t\t\t\t<\/div>\n\t\t<style>.elementor-element-298832a5 {\n   transform: translate3d(0px,60px,0px) scale(0.8, 1) rotateX(0deg) rotateY(0deg) rotateZ(0deg) skew(0deg, 0deg);\n   opacity: 0;\n}\n<\/style><script>\n\t\twindow.liquid.behaviors.push( {\n\t\t\tdataId: \"298832a5\",\n\t\t\tbehaviors:[\n\t\t\t\t{behaviorName:'liquidGetElementComputedStyles',options:{includeSelf:true,getRect:true,addGhosts:true}},{behaviorName:'liquidAnimations',options:{domain:'inview',trigger:'ghost',duration:0.65,ease:'expo.out',stagger:{each:0.065,from:'start'},delay:0.4,start:'top+=30px bottom',startElementOffset:0,startViewportOffset:0,animations:[{elements:'self',breakpointsKeyframes:{all:{keyframes:[{scaleX:1,scaleY:1,skewX:0,skewY:0,x:'0px',y:'0px',z:'0px',rotateX:0,rotateY:0,rotateZ:0,opacity:1}]}}}]}},\n\t\t\t]\n\t\t} );\n\t\t\n\t\t<\/script>\t\t\t<\/div>\n\t\t\t\t<\/div>\n\t\t<div class=\"elementor-element elementor-element-629e7b5a e-flex e-con-boxed e-con e-parent\" data-id=\"629e7b5a\" data-element_type=\"container\" data-e-type=\"container\">\n\t\t\t\t\t<div class=\"e-con-inner\">\n\t\t\t\t<div class=\"elementor-element elementor-element-7a9e6074 elementor-absolute e-transform elementor-widget elementor-widget-lqd-glow\" data-id=\"7a9e6074\" data-element_type=\"widget\" data-e-type=\"widget\" data-settings=\"{&quot;_position&quot;:&quot;absolute&quot;,&quot;_transform_rotateZ_effect&quot;:{&quot;unit&quot;:&quot;px&quot;,&quot;size&quot;:-50,&quot;sizes&quot;:[]},&quot;_transform_rotateZ_effect_tablet&quot;:{&quot;unit&quot;:&quot;deg&quot;,&quot;size&quot;:&quot;&quot;,&quot;sizes&quot;:[]},&quot;_transform_rotateZ_effect_mobile&quot;:{&quot;unit&quot;:&quot;deg&quot;,&quot;size&quot;:&quot;&quot;,&quot;sizes&quot;:[]}}\" data-widget_type=\"lqd-glow.default\">\n\t\t\t\t<div class=\"elementor-widget-container\">\n\t\t\t\t\t\n\t\t<svg class=\"w-full h-full\" width=\"65\" height=\"65\" viewBox=\"0 0 65 65\" fill=\"none\" xmlns=\"http:\/\/www.w3.org\/2000\/svg\" preserveAspectRatio=\"none\">\n\t\t\t<circle cx=\"32.5\" cy=\"32.5\" r=\"32.5\" fill=\"url(#paint_7a9e6074)\"\/>\n\t\t\t<defs>\n\t\t\t\t<linearGradient id=\"paint_7a9e6074\" x1=\"0\" y1=\"0\" x2=\"65\" y2=\"65\" gradientUnits=\"userSpaceOnUse\">\n\t\t\t\t\t<stop offset=\"0\" stop-color=\"#4D46FF\">\n\t\t\t\t\t\t<animate attributeName=\"stop-color\" values=\"#4D46FF;#b185fe;#53fd87;#4D46FF;\" dur=\"4.25s\" repeatCount=\"indefinite\"><\/animate>\n\t\t\t\t\t<\/stop>\n\t\t\t\t\t<stop offset=\"1\" stop-color=\"#A4F8AB\">\n\t\t\t\t\t\t<animate attributeName=\"stop-color\" values=\"#A4F8AB;#6ed5fb;#A4F8AB;\" dur=\"4.25s\" repeatCount=\"indefinite\"><\/animate>\n\t\t\t\t\t<\/stop>\n\t\t\t\t<\/linearGradient>\n\t\t\t<\/defs>\n\t\t<\/svg>\n\n\t\t\t\t\t\t<\/div>\n\t\t\t\t<\/div>\n\t\t<div class=\"elementor-element elementor-element-49a5364e e-con-full e-flex e-con e-child\" data-id=\"49a5364e\" data-element_type=\"container\" data-e-type=\"container\">\n\t\t\t\t<div class=\"elementor-element elementor-element-776a1119 lqd-text-tag-h6 elementor-widget elementor-widget-lqd-text\" data-id=\"776a1119\" data-element_type=\"widget\" data-e-type=\"widget\" data-widget_type=\"lqd-text.default\">\n\t\t\t\t<div class=\"elementor-widget-container\">\n\t\t\t\t\t<h6 class=\"lqd-text-el m-0 p-0\"><span class=\"lqd-text-item relative elementor-repeater-item-ac34bca\">Pol\u00edtica de Eliminaci\u00f3n<\/span><\/h6>\t\t\t\t<\/div>\n\t\t\t\t<\/div>\n\t\t\t\t<div class=\"elementor-element elementor-element-2ab3fa8f lqd-text-tag-p elementor-widget__width-inherit elementor-widget elementor-widget-lqd-text\" data-id=\"2ab3fa8f\" data-element_type=\"widget\" data-e-type=\"widget\" data-widget_type=\"lqd-text.default\">\n\t\t\t\t<div class=\"elementor-widget-container\">\n\t\t\t\t\t<p class=\"lqd-text-el m-0 p-0\"><span class=\"lqd-text-item relative elementor-repeater-item-22c38fc\">En Nulu AI, tu privacidad y seguridad de datos son nuestras m\u00e1ximas prioridades. <\/span><span class=\"lqd-text-item relative elementor-repeater-item-25cd41d\">This Data Deletion Policy outlines how you can delete your account with us and the steps Nulu AI takes to ensure your personal data is securely removed from our systems.\n<\/span><\/p>\t\t\t\t<\/div>\n\t\t\t\t<\/div>\n\t\t\t\t<div class=\"elementor-element elementor-element-7b49e734 lqd-text-tag-p elementor-widget__width-inherit elementor-widget elementor-widget-lqd-text\" data-id=\"7b49e734\" data-element_type=\"widget\" data-e-type=\"widget\" data-widget_type=\"lqd-text.default\">\n\t\t\t\t<div class=\"elementor-widget-container\">\n\t\t\t\t\t<p class=\"lqd-text-el m-0 p-0\"><span class=\"lqd-text-item relative elementor-repeater-item-c3d0556\">Eliminar tu cuenta de Nulu AI\nPara solicitar la eliminaci\u00f3n de tu cuenta de Nulu AI y los datos personales asociados, sigue los siguientes pasos:<\/span><\/p>\t\t\t\t<\/div>\n\t\t\t\t<\/div>\n\t\t\t\t<div class=\"elementor-element elementor-element-49dc0ce0 lqd-text-tag-p elementor-widget__width-inherit elementor-widget elementor-widget-lqd-text\" data-id=\"49dc0ce0\" data-element_type=\"widget\" data-e-type=\"widget\" data-widget_type=\"lqd-text.default\">\n\t\t\t\t<div class=\"elementor-widget-container\">\n\t\t\t\t\t<p class=\"lqd-text-el m-0 p-0\"><span class=\"lqd-text-item relative elementor-repeater-item-c3d0556\">Inicia sesi\u00f3n en tu cuenta de Nulu AI a trav\u00e9s de nuestra aplicaci\u00f3n.\nNavega hasta la secci\u00f3n de Cuenta.\nContin\u00faa hasta la secci\u00f3n de Perfil.\nSelecciona \"Eliminar Cuenta\".\nAl solicitar la eliminaci\u00f3n de la cuenta, recibir\u00e1s una solicitud de confirmaci\u00f3n para asegurarte de que deseas proceder.\nUna vez que confirmes, tu cuenta iniciar\u00e1 el proceso de eliminaci\u00f3n.<\/span><\/p>\t\t\t\t<\/div>\n\t\t\t\t<\/div>\n\t\t\t\t<div class=\"elementor-element elementor-element-aa81367 lqd-text-tag-h5 elementor-widget__width-inherit elementor-widget elementor-widget-lqd-text\" data-id=\"aa81367\" data-element_type=\"widget\" data-e-type=\"widget\" data-widget_type=\"lqd-text.default\">\n\t\t\t\t<div class=\"elementor-widget-container\">\n\t\t\t\t\t<h5 class=\"lqd-text-el m-0 p-0\"><span class=\"lqd-text-item relative elementor-repeater-item-c3d0556\">Proceso de Eliminaci\u00f3n de Datos<\/span><\/h5>\t\t\t\t<\/div>\n\t\t\t\t<\/div>\n\t\t\t\t<div class=\"elementor-element elementor-element-425a1df lqd-text-tag-p elementor-widget__width-inherit elementor-widget elementor-widget-lqd-text\" data-id=\"425a1df\" data-element_type=\"widget\" data-e-type=\"widget\" data-widget_type=\"lqd-text.default\">\n\t\t\t\t<div class=\"elementor-widget-container\">\n\t\t\t\t\t<p class=\"lqd-text-el m-0 p-0\"><span class=\"lqd-text-item relative elementor-repeater-item-c3d0556\">Desactivaci\u00f3n de la Cuenta: Tu cuenta se desactivar\u00e1 inmediatamente. Perder\u00e1s el acceso a tu cuenta de Nulu AI y cualquier servicio asociado.\nEliminaci\u00f3n de Datos Personales: Tus datos personales se eliminar\u00e1n de manera segura de nuestras bases de datos activas dentro de los 30 d\u00edas, seg\u00fan los estrictos protocolos de seguridad de datos de Nulu AI y cumpliendo con los est\u00e1ndares legales y regulatorios aplicables.<\/span><\/p>\t\t\t\t<\/div>\n\t\t\t\t<\/div>\n\t\t\t\t<div class=\"elementor-element elementor-element-7441d96c lqd-text-tag-p elementor-widget__width-inherit elementor-widget elementor-widget-lqd-text\" data-id=\"7441d96c\" data-element_type=\"widget\" data-e-type=\"widget\" data-widget_type=\"lqd-text.default\">\n\t\t\t\t<div class=\"elementor-widget-container\">\n\t\t\t\t\t<p class=\"lqd-text-el m-0 p-0\"><span class=\"lqd-text-item relative elementor-repeater-item-c3d0556\">Datos de Copia de Seguridad: Cualquier dato almacenado en sistemas de copia de seguridad se marcar\u00e1 para eliminaci\u00f3n y se eliminar\u00e1 por completo durante nuestro pr\u00f3ximo ciclo de copia de seguridad programado, que ocurre cada 60 d\u00edas.\n\nExcepciones a la Eliminaci\u00f3n de Datos\nEn ciertas situaciones, Nulu AI puede retener partes espec\u00edficas de tus datos incluso despu\u00e9s de la eliminaci\u00f3n de la cuenta si la retenci\u00f3n es necesaria para:<\/span><\/p>\t\t\t\t<\/div>\n\t\t\t\t<\/div>\n\t\t\t\t<div class=\"elementor-element elementor-element-5402192 lqd-text-tag-h5 elementor-widget__width-inherit elementor-widget elementor-widget-lqd-text\" data-id=\"5402192\" data-element_type=\"widget\" data-e-type=\"widget\" data-widget_type=\"lqd-text.default\">\n\t\t\t\t<div class=\"elementor-widget-container\">\n\t\t\t\t\t<h5 class=\"lqd-text-el m-0 p-0\"><span class=\"lqd-text-item relative elementor-repeater-item-c3d0556\">Cumplir con obligaciones legales, fiscales, de auditor\u00eda y contables.<\/span><\/h5>\t\t\t\t<\/div>\n\t\t\t\t<\/div>\n\t\t\t\t<div class=\"elementor-element elementor-element-ba2115d lqd-text-tag-p elementor-widget__width-inherit elementor-widget elementor-widget-lqd-text\" data-id=\"ba2115d\" data-element_type=\"widget\" data-e-type=\"widget\" data-widget_type=\"lqd-text.default\">\n\t\t\t\t<div class=\"elementor-widget-container\">\n\t\t\t\t\t<p class=\"lqd-text-el m-0 p-0\"><span class=\"lqd-text-item relative elementor-repeater-item-c3d0556\">La detecci\u00f3n, prevenci\u00f3n e investigaci\u00f3n de fraude, violaciones de seguridad o otras posibles violaciones de nuestras pol\u00edticas o leyes aplicables.\nLos datos que han sido anonimizados o agregados de tal manera que ya no te identifican personalmente.\n\nInformaci\u00f3n de Contacto\nSi tienes alguna pregunta o inquietud sobre esta Pol\u00edtica de Eliminaci\u00f3n de Datos o el proceso de eliminaci\u00f3n de datos en Nulu AI, no dudes en contactar a nuestro Equipo de Privacidad en support@nuluai.com .<\/span><\/p>\t\t\t\t<\/div>\n\t\t\t\t<\/div>\n\t\t<div class=\"elementor-element elementor-element-40bdce5c e-flex e-con-boxed e-con e-child\" data-id=\"40bdce5c\" data-element_type=\"container\" data-e-type=\"container\">\n\t\t\t\t\t<div class=\"e-con-inner\">\n\t\t\t\t<div class=\"elementor-element elementor-element-760bf90a lqd-text-tag-p elementor-widget elementor-widget-lqd-text\" data-id=\"760bf90a\" data-element_type=\"widget\" data-e-type=\"widget\" data-widget_type=\"lqd-text.default\">\n\t\t\t\t<div class=\"elementor-widget-container\">\n\t\t\t\t\t<p class=\"lqd-text-el m-0 p-0\"><span class=\"lqd-text-item relative elementor-repeater-item-536165c\">Todav\u00eda tienes una pregunta? <\/span><a href=\"mailto:support@nuluai.com\" class=\"lqd-text-item relative elementor-repeater-item-58b4087 text-inherit\">Cont\u00e1ctanos<\/a><\/p>\t\t\t\t<\/div>\n\t\t\t\t<\/div>\n\t\t<style>.elementor-element-760bf90a {\n   transform: translate3d(0px,30px,0px) scale(0.8, 1) rotateX(0deg) rotateY(0deg) rotateZ(0deg) skew(0deg, 0deg);\n   opacity: 0;\n}\n<\/style><script>\n\t\twindow.liquid.behaviors.push( {\n\t\t\tdataId: \"760bf90a\",\n\t\t\tbehaviors:[\n\t\t\t\t{behaviorName:'liquidGetElementComputedStyles',options:{includeSelf:true,getRect:true,addGhosts:true}},{behaviorName:'liquidAnimations',options:{domain:'inview',trigger:'ghost',duration:0.65,ease:'expo.out',stagger:{each:0.065,from:'start'},delay:0,start:'top+=30px bottom',startElementOffset:0,startViewportOffset:0,animations:[{elements:'self',breakpointsKeyframes:{all:{keyframes:[{scaleX:1,scaleY:1,skewX:0,skewY:0,x:'0px',y:'0px',z:'0px',rotateX:0,rotateY:0,rotateZ:0,opacity:1}]}}}]}},\n\t\t\t]\n\t\t} );\n\t\t\n\t\t<\/script>\t\t\t<\/div>\n\t\t\t\t<\/div>\n\t\t\t\t<\/div>\n\t\t<style>.elementor-element-49a5364e {\n   transform: translate3d(0px,60px,0px) scale(0.8, 1) rotateX(0deg) rotateY(0deg) rotateZ(0deg) skew(0deg, 0deg);\n   opacity: 0;\n}\n<\/style><script>\n\t\twindow.liquid.behaviors.push( {\n\t\t\tdataId: \"49a5364e\",\n\t\t\tbehaviors:[\n\t\t\t\t{behaviorName:'liquidGetElementComputedStyles',options:{includeSelf:true,getRect:true,addGhosts:true}},{behaviorName:'liquidAnimations',options:{domain:'inview',trigger:'ghost',duration:0.65,ease:'expo.out',stagger:{each:0.065,from:'start'},delay:0.6,start:'top+=30px bottom',startElementOffset:0,startViewportOffset:0,animations:[{elements:'self',breakpointsKeyframes:{all:{keyframes:[{scaleX:1,scaleY:1,skewX:0,skewY:0,x:'0px',y:'0px',z:'0px',rotateX:0,rotateY:0,rotateZ:0,opacity:1}]}}}]}},\n\t\t\t]\n\t\t} );\n\t\t\n\t\t<\/script>\t\t\t<\/div>\n\t\t\t\t<\/div>\n\t\t\t\t<\/div>\n\t\t","protected":false},"excerpt":{"rendered":"<p>Data Pol\u00edtica&nbsp;de&nbsp;Eliminaci\u00f3n&nbsp;de&nbsp;Datos Pol\u00edtica de Eliminaci\u00f3n En Nulu AI, tu privacidad y seguridad de datos son nuestras m\u00e1ximas prioridades. This Data Deletion Policy outlines how you can delete your account with us and the steps Nulu AI takes to ensure your personal data is securely removed from our systems. Eliminar tu cuenta de Nulu AI Para [&hellip;]<\/p>\n","protected":false},"author":1,"featured_media":0,"parent":0,"menu_order":0,"comment_status":"closed","ping_status":"closed","template":"","meta":{"footnotes":""},"class_list":["post-5876","page","type-page","status-publish","hentry"],"_links":{"self":[{"href":"https:\/\/nuluai.com\/index.php?rest_route=\/wp\/v2\/pages\/5876","targetHints":{"allow":["GET"]}}],"collection":[{"href":"https:\/\/nuluai.com\/index.php?rest_route=\/wp\/v2\/pages"}],"about":[{"href":"https:\/\/nuluai.com\/index.php?rest_route=\/wp\/v2\/types\/page"}],"author":[{"embeddable":true,"href":"https:\/\/nuluai.com\/index.php?rest_route=\/wp\/v2\/users\/1"}],"replies":[{"embeddable":true,"href":"https:\/\/nuluai.com\/index.php?rest_route=%2Fwp%2Fv2%2Fcomments&post=5876"}],"version-history":[{"count":18,"href":"https:\/\/nuluai.com\/index.php?rest_route=\/wp\/v2\/pages\/5876\/revisions"}],"predecessor-version":[{"id":6778,"href":"https:\/\/nuluai.com\/index.php?rest_route=\/wp\/v2\/pages\/5876\/revisions\/6778"}],"wp:attachment":[{"href":"https:\/\/nuluai.com\/index.php?rest_route=%2Fwp%2Fv2%2Fmedia&parent=5876"}],"curies":[{"name":"wp","href":"https:\/\/api.w.org\/{rel}","templated":true}]}}